{"id":493,"date":"2016-07-01T11:00:04","date_gmt":"2016-07-01T09:00:04","guid":{"rendered":"http:\/\/www.powerfit-brigglis.ch\/?page_id=493"},"modified":"2021-06-25T23:01:28","modified_gmt":"2021-06-25T21:01:28","slug":"body-pump","status":"publish","type":"page","link":"https:\/\/www.powerfit-brigglis.ch\/?page_id=493","title":{"rendered":"Body-TopFit"},"content":{"rendered":"<p>&nbsp;<\/p>\n<p><span style=\"font-family: verdana, geneva, sans-serif; font-size: 12pt; color: #000000;\">&#8230;ist ein geniales Langhantelprogramm zur Kr\u00e4ftigung, Formung und Straffung des gesamten K\u00f6rpers. Es ist eine der schnellsten Methoden, um in Topform zu kommen. Weltweit gibt es Millionen von begeisterten Anh\u00e4ngern.<\/span><\/p>\n<p><span style=\"font-family: verdana, geneva, sans-serif; font-size: 12pt; color: #000000;\">Du trainierst alle Hauptmuskelgruppen mit den besten Gewichts\u00fcbungen, wie z.B. Squats, Presses, Lifts und Curls. Das<br \/>\nEntscheidende beim Pump ist der REP EFFECT, ein Durchbruch im Fitnesstraining mit Schwerpunkt auf Bewegungen mit hoher Wiederholungsrate und geringer Gewichtsbelastung. Dadurch bekommst Du Kraft und eine athletische K\u00f6rpermuskulatur.<\/span><\/p>\n<p><span style=\"font-family: verdana, geneva, sans-serif; font-size: 12pt; color: #000000;\">\u2022 steigert Deine Kraft<\/span><br \/>\n<span style=\"font-family: verdana, geneva, sans-serif; font-size: 12pt; color: #000000;\">\u2022 70 &#8211; 100 Wiederholungen pro K\u00f6rperteil und damit bis zu 800 Wiederholungen<\/span><br \/>\n<span style=\"font-family: verdana, geneva, sans-serif; font-size: 12pt; color: #000000;\">\u2022 verbesserst Deine allgemeine Fitness<\/span><br \/>\n<span style=\"font-family: verdana, geneva, sans-serif; font-size: 12pt; color: #000000;\">\u2022 st\u00e4rkt und formt Deine Muskulatur, ohne sie zu sehr aufzupumpen<\/span><br \/>\n<span style=\"font-family: verdana, geneva, sans-serif; font-size: 12pt; color: #000000;\">\u2022 sch\u00fctzt Deine Knochen und Gelenke vor Verletzungen<\/span><br \/>\n<span style=\"font-family: verdana, geneva, sans-serif; font-size: 12pt; color: #000000;\">\u2022 schnell in Form kommen und ca. 600 Kalorien verbrennen<\/span><br \/>\n<span style=\"font-family: verdana, geneva, sans-serif; font-size: 12pt; color: #000000;\">\u2022 Du bekommst Selbstvertrauen<\/span><\/p>\n<p>&nbsp;<\/p>\n<p><span style=\"font-family: verdana, geneva, sans-serif; font-size: 12pt;\">\t\t<link href=\"https:\/\/www.powerfit-brigglis.ch\/wp-content\/plugins\/slideshow-ck\/themes\/default\/css\/camera.css\" rel=\"stylesheet\" type=\"text\/css\" \/>\n\t\t<style type=\"text\/css\">\n\t\t\t#camera_wrap_492 .camera_pag_ul li img, #camera_wrap_492 .camera_thumbs_cont ul li img {\n\t\t\t\theight:0px;\n\t\t\t\twidth: auto;\n\t\t\t}\n\t\t\t#camera_wrap_492 .camera_caption {\n\t\t\t\tdisplay: block;\n\t\t\t\tposition: absolute;\n\t\t\t}\n\t\t\t#camera_wrap_492 .camera_caption a.camera_caption_link {\n\t\t\t\tdisplay: block;\n\t\t\t\tposition: absolute;\n\t\t\t\tleft: 0;\n\t\t\t\tright: 0;\n\t\t\t\ttop: 0;\n\t\t\t\tbottom: 0;\n\t\t\t}\n\t\t\t#camera_wrap_492 .camera_caption > div {\n\t\t\t\tbackground: rgba(0,0,0,0.5);\t\t\t}\n\t\t\t#camera_wrap_492 .camera_caption div.camera_caption_title {\n\t\t\t\tfont-size: 18px;line-height: 18px;font-weight: normal;\t\t\t}\n\t\t\t#camera_wrap_492 .camera_caption div.camera_caption_desc {\n\t\t\t\tfont-size: 12px;line-height: 12px;font-weight: normal;\t\t\t}\n\t\t<\/style>\n\t\t\t\t<div class=\"slideshowck camera_wrap camera_gold_skin\" id=\"camera_wrap_492\">\n\t\t\t\t\t\t\t<div  data-thumb=\"https:\/\/www.powerfit-brigglis.ch\/wp-content\/uploads\/2016\/07\/Image_1_Bildgr\u00f6\u00dfe-\u00e4ndern-1.jpg\" data-src=\"https:\/\/www.powerfit-brigglis.ch\/wp-content\/uploads\/2016\/07\/Image_1_Bildgr\u00f6\u00dfe-\u00e4ndern-1.jpg\" data-link=\"https:\/\/www.powerfit-brigglis.ch\/wp-content\/uploads\/2016\/07\/Image_1_Bildgr\u00f6\u00dfe-\u00e4ndern-1.jpg\" data-target=\"_parent\">\n\t\t\t\t\t\t\t\t\t\t<\/div>\n\t\t\t\t\t\t\t<div  data-thumb=\"https:\/\/www.powerfit-brigglis.ch\/wp-content\/uploads\/2016\/07\/Image_2_Bildgr\u00f6\u00dfe-\u00e4ndern-1.jpg\" data-src=\"https:\/\/www.powerfit-brigglis.ch\/wp-content\/uploads\/2016\/07\/Image_2_Bildgr\u00f6\u00dfe-\u00e4ndern-1.jpg\" data-link=\"https:\/\/www.powerfit-brigglis.ch\/wp-content\/uploads\/2016\/07\/Image_2_Bildgr\u00f6\u00dfe-\u00e4ndern-1.jpg\" data-target=\"_parent\">\n\t\t\t\t\t\t\t\t\t\t<\/div>\n\t\t\t\t\t\t\t<div  data-thumb=\"https:\/\/www.powerfit-brigglis.ch\/wp-content\/uploads\/2016\/07\/Image_3_Bildgr\u00f6\u00dfe-\u00e4ndern-1.jpg\" data-src=\"https:\/\/www.powerfit-brigglis.ch\/wp-content\/uploads\/2016\/07\/Image_3_Bildgr\u00f6\u00dfe-\u00e4ndern-1.jpg\" data-link=\"https:\/\/www.powerfit-brigglis.ch\/wp-content\/uploads\/2016\/07\/Image_3_Bildgr\u00f6\u00dfe-\u00e4ndern-1.jpg\" data-target=\"_parent\">\n\t\t\t\t\t\t\t\t\t\t<\/div>\n\t\t\t\t\t\t\t<div  data-thumb=\"https:\/\/www.powerfit-brigglis.ch\/wp-content\/uploads\/2016\/07\/Image_4_Bildgr\u00f6\u00dfe-\u00e4ndern-1.jpg\" data-src=\"https:\/\/www.powerfit-brigglis.ch\/wp-content\/uploads\/2016\/07\/Image_4_Bildgr\u00f6\u00dfe-\u00e4ndern-1.jpg\" data-link=\"https:\/\/www.powerfit-brigglis.ch\/wp-content\/uploads\/2016\/07\/Image_4_Bildgr\u00f6\u00dfe-\u00e4ndern-1.jpg\" data-target=\"_parent\">\n\t\t\t\t\t\t\t\t\t\t<\/div>\n\t\t\t\t\t\t\t<div  data-thumb=\"https:\/\/www.powerfit-brigglis.ch\/wp-content\/uploads\/2016\/07\/Image_5_Bildgr\u00f6\u00dfe-\u00e4ndern.jpg\" data-src=\"https:\/\/www.powerfit-brigglis.ch\/wp-content\/uploads\/2016\/07\/Image_5_Bildgr\u00f6\u00dfe-\u00e4ndern.jpg\" data-link=\"https:\/\/www.powerfit-brigglis.ch\/wp-content\/uploads\/2016\/07\/Image_5_Bildgr\u00f6\u00dfe-\u00e4ndern.jpg\" data-target=\"_parent\">\n\t\t\t\t\t\t\t\t\t\t<\/div>\n\t\t\t\t\t\t\t<div  data-thumb=\"https:\/\/www.powerfit-brigglis.ch\/wp-content\/uploads\/2016\/07\/Image_6_Bildgr\u00f6\u00dfe-\u00e4ndern-1.jpg\" data-src=\"https:\/\/www.powerfit-brigglis.ch\/wp-content\/uploads\/2016\/07\/Image_6_Bildgr\u00f6\u00dfe-\u00e4ndern-1.jpg\" data-link=\"https:\/\/www.powerfit-brigglis.ch\/wp-content\/uploads\/2016\/07\/Image_6_Bildgr\u00f6\u00dfe-\u00e4ndern-1.jpg\" data-target=\"_parent\">\n\t\t\t\t\t\t\t\t\t\t<\/div>\n\t\t\t\t\t\t\t<div  data-thumb=\"https:\/\/www.powerfit-brigglis.ch\/wp-content\/uploads\/2016\/07\/Image_7_Bildgr\u00f6\u00dfe-\u00e4ndern.jpg\" data-src=\"https:\/\/www.powerfit-brigglis.ch\/wp-content\/uploads\/2016\/07\/Image_7_Bildgr\u00f6\u00dfe-\u00e4ndern.jpg\" data-link=\"https:\/\/www.powerfit-brigglis.ch\/wp-content\/uploads\/2016\/07\/Image_7_Bildgr\u00f6\u00dfe-\u00e4ndern.jpg\" data-target=\"_parent\">\n\t\t\t\t\t\t\t\t\t\t<\/div>\n\t\t\t\t\t\t\t<div  data-thumb=\"https:\/\/www.powerfit-brigglis.ch\/wp-content\/uploads\/2016\/07\/Image_8_Bildgr\u00f6\u00dfe-\u00e4ndern-1.jpg\" data-src=\"https:\/\/www.powerfit-brigglis.ch\/wp-content\/uploads\/2016\/07\/Image_8_Bildgr\u00f6\u00dfe-\u00e4ndern-1.jpg\" data-link=\"https:\/\/www.powerfit-brigglis.ch\/wp-content\/uploads\/2016\/07\/Image_8_Bildgr\u00f6\u00dfe-\u00e4ndern-1.jpg\" data-target=\"_parent\">\n\t\t\t\t\t\t\t\t\t\t<\/div>\n\t\t\t\t\t\t\t<div  data-thumb=\"https:\/\/www.powerfit-brigglis.ch\/wp-content\/uploads\/2016\/07\/Image_9_Bildgr\u00f6\u00dfe-\u00e4ndern-1.jpg\" data-src=\"https:\/\/www.powerfit-brigglis.ch\/wp-content\/uploads\/2016\/07\/Image_9_Bildgr\u00f6\u00dfe-\u00e4ndern-1.jpg\" data-link=\"https:\/\/www.powerfit-brigglis.ch\/wp-content\/uploads\/2016\/07\/Image_9_Bildgr\u00f6\u00dfe-\u00e4ndern-1.jpg\" data-target=\"_parent\">\n\t\t\t\t\t\t\t\t\t\t<\/div>\n\t\t\t\t\t<\/div>\n\t\t<div style=\"clear:both;\"><\/div>\n\t\t<\/span><\/p>\n","protected":false},"excerpt":{"rendered":"<p>&nbsp; &#8230;ist ein geniales Langhantelprogramm zur Kr\u00e4ftigung, Formung und Straffung des gesamten K\u00f6rpers. Es ist eine der schnellsten Methoden, um<\/p>\n","protected":false},"author":1,"featured_media":0,"parent":0,"menu_order":2,"comment_status":"closed","ping_status":"closed","template":"","meta":{"footnotes":""},"class_list":["post-493","page","type-page","status-publish","hentry"],"_links":{"self":[{"href":"https:\/\/www.powerfit-brigglis.ch\/index.php?rest_route=\/wp\/v2\/pages\/493","targetHints":{"allow":["GET"]}}],"collection":[{"href":"https:\/\/www.powerfit-brigglis.ch\/index.php?rest_route=\/wp\/v2\/pages"}],"about":[{"href":"https:\/\/www.powerfit-brigglis.ch\/index.php?rest_route=\/wp\/v2\/types\/page"}],"author":[{"embeddable":true,"href":"https:\/\/www.powerfit-brigglis.ch\/index.php?rest_route=\/wp\/v2\/users\/1"}],"replies":[{"embeddable":true,"href":"https:\/\/www.powerfit-brigglis.ch\/index.php?rest_route=%2Fwp%2Fv2%2Fcomments&post=493"}],"version-history":[{"count":10,"href":"https:\/\/www.powerfit-brigglis.ch\/index.php?rest_route=\/wp\/v2\/pages\/493\/revisions"}],"predecessor-version":[{"id":756,"href":"https:\/\/www.powerfit-brigglis.ch\/index.php?rest_route=\/wp\/v2\/pages\/493\/revisions\/756"}],"wp:attachment":[{"href":"https:\/\/www.powerfit-brigglis.ch\/index.php?rest_route=%2Fwp%2Fv2%2Fmedia&parent=493"}],"curies":[{"name":"wp","href":"https:\/\/api.w.org\/{rel}","templated":true}]}}